{"id":8716,"date":"2023-12-18T19:54:16","date_gmt":"2023-12-18T18:54:16","guid":{"rendered":"https:\/\/harmoniewilhelmina.nl\/?page_id=8716"},"modified":"2023-12-18T20:20:39","modified_gmt":"2023-12-18T19:20:39","slug":"zjubileiumgids","status":"publish","type":"page","link":"https:\/\/harmoniewilhelmina.nl\/en\/zjubileiumgids\/","title":{"rendered":"Zjubileiumgids"},"content":{"rendered":"<style type=\"text\/css\" data-created_by=\"avia_inline_auto\" id=\"style-css-av-lqbaqlfz-6d37b1121a91daf73e7c1992cfaff6a3\">\n.avia-section.av-lqbaqlfz-6d37b1121a91daf73e7c1992cfaff6a3{\nbackground-color:#e83737;\nbackground:linear-gradient( to bottom, #e83737, #f7e922, #71c151 );\n}\n<\/style>\n<div id='av_section_1'  class='avia-section av-lqbaqlfz-6d37b1121a91daf73e7c1992cfaff6a3 main_color avia-section-default avia-no-border-styling  avia-builder-el-0  el_before_av_textblock  avia-builder-el-first  avia-bg-style-scroll container_wrap sidebar_right'  ><div class='container av-section-cont-open' ><main  role=\"main\" itemprop=\"mainContentOfPage\"  class='template-page content  av-content-small alpha units'><div class='post-entry post-entry-type-page post-entry-8716'><div class='entry-content-wrapper clearfix'>\n\n<style type=\"text\/css\" data-created_by=\"avia_inline_auto\" id=\"style-css-av-lqb9y4d7-79231f8524c085a19ae14d926b502f2f\">\n#top .av-special-heading.av-lqb9y4d7-79231f8524c085a19ae14d926b502f2f{\npadding-bottom:10px;\n}\nbody .av-special-heading.av-lqb9y4d7-79231f8524c085a19ae14d926b502f2f .av-special-heading-tag .heading-char{\nfont-size:25px;\n}\n.av-special-heading.av-lqb9y4d7-79231f8524c085a19ae14d926b502f2f .av-subheading{\nfont-size:15px;\n}\n<\/style>\n<div  class='av-special-heading av-lqb9y4d7-79231f8524c085a19ae14d926b502f2f av-special-heading-h1 blockquote modern-quote  avia-builder-el-1  avia-builder-el-no-sibling'><h1 class='av-special-heading-tag'  itemprop=\"headline\"  >Zjubileiumgids<\/h1><div class=\"special-heading-border\"><div class=\"special-heading-inner-border\"><\/div><\/div><\/div>\n<\/div><\/div><\/main><!-- close content main element --><\/div><\/div><div id='after_section_1'  class='main_color av_default_container_wrap container_wrap sidebar_right'  ><div class='container av-section-cont-open' ><div class='template-page content  av-content-small alpha units'><div class='post-entry post-entry-type-page post-entry-8716'><div class='entry-content-wrapper clearfix'><section  class='av_textblock_section av-lqbakwrq-036d43644102269ba46c386ef0bbb933'  itemscope=\"itemscope\" itemtype=\"https:\/\/schema.org\/CreativeWork\" ><div class='avia_textblock'  itemprop=\"text\" ><p>Veur us 5\u00d711 jaorig zjubileij in 2011 h\u00f6bbe veer e sjoen naoslagw\u00e8rk gemaak.<br \/>\nDat kint geer heij nog ins naoleze!<\/p>\n<\/div><\/section><\/p>\n\n<style type=\"text\/css\" data-created_by=\"avia_inline_auto\" id=\"style-css-av-lqbamf2t-7694dfae42737b3559668aed0a5f75e9\">\n.avia-image-container.av-lqbamf2t-7694dfae42737b3559668aed0a5f75e9 img.avia_image{\nbox-shadow:none;\n}\n.avia-image-container.av-lqbamf2t-7694dfae42737b3559668aed0a5f75e9 .av-image-caption-overlay-center{\ncolor:#ffffff;\n}\n<\/style>\n<div  class='avia-image-container av-lqbamf2t-7694dfae42737b3559668aed0a5f75e9 av-styling- avia-align-left  avia-builder-el-3  el_after_av_textblock  avia-builder-el-last'   itemprop=\"image\" itemscope=\"itemscope\" itemtype=\"https:\/\/schema.org\/ImageObject\" ><div class=\"avia-image-container-inner\"><div class=\"avia-image-overlay-wrap\"><a href=\"https:\/\/harmoniewilhelmina.nl\/wp-content\/uploads\/2023\/12\/Jubileumgids55CVDeBlouweWeb.pdf\" class='avia_image' ><img decoding=\"async\" class='wp-image-8720 avia-img-lazy-loading-not-8720 avia_image' src=\"https:\/\/harmoniewilhelmina.nl\/wp-content\/uploads\/2023\/12\/Jubileumgids55CVDeBlouweWeb-1-211x300-1.jpg\" alt='' title='Jubileumgids55CVDeBlouweWeb-1-211x300'  height=\"300\" width=\"211\"  itemprop=\"thumbnailUrl\" srcset=\"https:\/\/harmoniewilhelmina.nl\/wp-content\/uploads\/2023\/12\/Jubileumgids55CVDeBlouweWeb-1-211x300-1.jpg 211w, https:\/\/harmoniewilhelmina.nl\/wp-content\/uploads\/2023\/12\/Jubileumgids55CVDeBlouweWeb-1-211x300-1-8x12.jpg 8w\" sizes=\"(max-width: 211px) 100vw, 211px\" \/><\/a><\/div><\/div><\/div>","protected":false},"excerpt":{"rendered":"","protected":false},"author":4,"featured_media":0,"parent":0,"menu_order":0,"comment_status":"closed","ping_status":"closed","template":"","meta":{"footnotes":""},"class_list":["post-8716","page","type-page","status-publish","hentry"],"yoast_head":"<!-- This site is optimized with the Yoast SEO plugin v27.5 - https:\/\/yoast.com\/product\/yoast-seo-wordpress\/ -->\n<title>Zjubileiumgids - Harmonie Wilhelmina<\/title>\n<meta name=\"robots\" content=\"index, follow, max-snippet:-1, max-image-preview:large, max-video-preview:-1\" \/>\n<link rel=\"canonical\" href=\"https:\/\/harmoniewilhelmina.nl\/en\/zjubileiumgids\/\" \/>\n<meta property=\"og:locale\" content=\"en_GB\" \/>\n<meta property=\"og:type\" content=\"article\" \/>\n<meta property=\"og:title\" content=\"Zjubileiumgids - Harmonie Wilhelmina\" \/>\n<meta property=\"og:url\" content=\"https:\/\/harmoniewilhelmina.nl\/en\/zjubileiumgids\/\" \/>\n<meta property=\"og:site_name\" content=\"Harmonie Wilhelmina\" \/>\n<meta property=\"article:publisher\" content=\"https:\/\/www.facebook.com\/harmoniewilhelmina\" \/>\n<meta property=\"article:modified_time\" content=\"2023-12-18T19:20:39+00:00\" \/>\n<meta property=\"og:image\" content=\"https:\/\/harmoniewilhelmina.nl\/wp-content\/uploads\/2023\/08\/HW_logo.png\" \/>\n\t<meta property=\"og:image:width\" content=\"2156\" \/>\n\t<meta property=\"og:image:height\" content=\"1528\" \/>\n\t<meta property=\"og:image:type\" content=\"image\/png\" \/>\n<meta name=\"twitter:card\" content=\"summary_large_image\" \/>\n<meta name=\"twitter:label1\" content=\"Estimated reading time\" \/>\n\t<meta name=\"twitter:data1\" content=\"1 minute\" \/>\n<script type=\"application\/ld+json\" class=\"yoast-schema-graph\">{\"@context\":\"https:\\\/\\\/schema.org\",\"@graph\":[{\"@type\":\"WebPage\",\"@id\":\"https:\\\/\\\/harmoniewilhelmina.nl\\\/zjubileiumgids\\\/\",\"url\":\"https:\\\/\\\/harmoniewilhelmina.nl\\\/zjubileiumgids\\\/\",\"name\":\"Zjubileiumgids - Harmonie Wilhelmina\",\"isPartOf\":{\"@id\":\"https:\\\/\\\/harmoniewilhelmina.nl\\\/#website\"},\"datePublished\":\"2023-12-18T18:54:16+00:00\",\"dateModified\":\"2023-12-18T19:20:39+00:00\",\"breadcrumb\":{\"@id\":\"https:\\\/\\\/harmoniewilhelmina.nl\\\/zjubileiumgids\\\/#breadcrumb\"},\"inLanguage\":\"en-GB\",\"potentialAction\":[{\"@type\":\"ReadAction\",\"target\":[\"https:\\\/\\\/harmoniewilhelmina.nl\\\/zjubileiumgids\\\/\"]}]},{\"@type\":\"BreadcrumbList\",\"@id\":\"https:\\\/\\\/harmoniewilhelmina.nl\\\/zjubileiumgids\\\/#breadcrumb\",\"itemListElement\":[{\"@type\":\"ListItem\",\"position\":1,\"name\":\"Home\",\"item\":\"https:\\\/\\\/harmoniewilhelmina.nl\\\/\"},{\"@type\":\"ListItem\",\"position\":2,\"name\":\"Zjubileiumgids\"}]},{\"@type\":\"WebSite\",\"@id\":\"https:\\\/\\\/harmoniewilhelmina.nl\\\/#website\",\"url\":\"https:\\\/\\\/harmoniewilhelmina.nl\\\/\",\"name\":\"Harmonie Wilhelmina\",\"description\":\"Samen Wilhelmina zijn\",\"publisher\":{\"@id\":\"https:\\\/\\\/harmoniewilhelmina.nl\\\/#organization\"},\"potentialAction\":[{\"@type\":\"SearchAction\",\"target\":{\"@type\":\"EntryPoint\",\"urlTemplate\":\"https:\\\/\\\/harmoniewilhelmina.nl\\\/?s={search_term_string}\"},\"query-input\":{\"@type\":\"PropertyValueSpecification\",\"valueRequired\":true,\"valueName\":\"search_term_string\"}}],\"inLanguage\":\"en-GB\"},{\"@type\":\"Organization\",\"@id\":\"https:\\\/\\\/harmoniewilhelmina.nl\\\/#organization\",\"name\":\"Harmonie Wilhelmina\",\"url\":\"https:\\\/\\\/harmoniewilhelmina.nl\\\/\",\"logo\":{\"@type\":\"ImageObject\",\"inLanguage\":\"en-GB\",\"@id\":\"https:\\\/\\\/harmoniewilhelmina.nl\\\/#\\\/schema\\\/logo\\\/image\\\/\",\"url\":\"https:\\\/\\\/harmoniewilhelmina.nl\\\/wp-content\\\/uploads\\\/2023\\\/04\\\/314351204_557104929753754_5216721094769108786_n.jpg\",\"contentUrl\":\"https:\\\/\\\/harmoniewilhelmina.nl\\\/wp-content\\\/uploads\\\/2023\\\/04\\\/314351204_557104929753754_5216721094769108786_n.jpg\",\"width\":2048,\"height\":1365,\"caption\":\"Harmonie Wilhelmina\"},\"image\":{\"@id\":\"https:\\\/\\\/harmoniewilhelmina.nl\\\/#\\\/schema\\\/logo\\\/image\\\/\"},\"sameAs\":[\"https:\\\/\\\/www.facebook.com\\\/harmoniewilhelmina\",\"https:\\\/\\\/www.instagram.com\\\/harmoniewilhelminawolder\\\/\"]}]}<\/script>\n<!-- \/ Yoast SEO plugin. -->","yoast_head_json":{"title":"Zjubileiumgids - Harmonie Wilhelmina","robots":{"index":"index","follow":"follow","max-snippet":"max-snippet:-1","max-image-preview":"max-image-preview:large","max-video-preview":"max-video-preview:-1"},"canonical":"https:\/\/harmoniewilhelmina.nl\/en\/zjubileiumgids\/","og_locale":"en_GB","og_type":"article","og_title":"Zjubileiumgids - Harmonie Wilhelmina","og_url":"https:\/\/harmoniewilhelmina.nl\/en\/zjubileiumgids\/","og_site_name":"Harmonie Wilhelmina","article_publisher":"https:\/\/www.facebook.com\/harmoniewilhelmina","article_modified_time":"2023-12-18T19:20:39+00:00","og_image":[{"width":2156,"height":1528,"url":"https:\/\/harmoniewilhelmina.nl\/wp-content\/uploads\/2023\/08\/HW_logo.png","type":"image\/png"}],"twitter_card":"summary_large_image","twitter_misc":{"Estimated reading time":"1 minute"},"schema":{"@context":"https:\/\/schema.org","@graph":[{"@type":"WebPage","@id":"https:\/\/harmoniewilhelmina.nl\/zjubileiumgids\/","url":"https:\/\/harmoniewilhelmina.nl\/zjubileiumgids\/","name":"Zjubileiumgids - Harmonie Wilhelmina","isPartOf":{"@id":"https:\/\/harmoniewilhelmina.nl\/#website"},"datePublished":"2023-12-18T18:54:16+00:00","dateModified":"2023-12-18T19:20:39+00:00","breadcrumb":{"@id":"https:\/\/harmoniewilhelmina.nl\/zjubileiumgids\/#breadcrumb"},"inLanguage":"en-GB","potentialAction":[{"@type":"ReadAction","target":["https:\/\/harmoniewilhelmina.nl\/zjubileiumgids\/"]}]},{"@type":"BreadcrumbList","@id":"https:\/\/harmoniewilhelmina.nl\/zjubileiumgids\/#breadcrumb","itemListElement":[{"@type":"ListItem","position":1,"name":"Home","item":"https:\/\/harmoniewilhelmina.nl\/"},{"@type":"ListItem","position":2,"name":"Zjubileiumgids"}]},{"@type":"WebSite","@id":"https:\/\/harmoniewilhelmina.nl\/#website","url":"https:\/\/harmoniewilhelmina.nl\/","name":"Harmonie Wilhelmina","description":"Being Wilhelmina together","publisher":{"@id":"https:\/\/harmoniewilhelmina.nl\/#organization"},"potentialAction":[{"@type":"SearchAction","target":{"@type":"EntryPoint","urlTemplate":"https:\/\/harmoniewilhelmina.nl\/?s={search_term_string}"},"query-input":{"@type":"PropertyValueSpecification","valueRequired":true,"valueName":"search_term_string"}}],"inLanguage":"en-GB"},{"@type":"Organization","@id":"https:\/\/harmoniewilhelmina.nl\/#organization","name":"Harmonie Wilhelmina","url":"https:\/\/harmoniewilhelmina.nl\/","logo":{"@type":"ImageObject","inLanguage":"en-GB","@id":"https:\/\/harmoniewilhelmina.nl\/#\/schema\/logo\/image\/","url":"https:\/\/harmoniewilhelmina.nl\/wp-content\/uploads\/2023\/04\/314351204_557104929753754_5216721094769108786_n.jpg","contentUrl":"https:\/\/harmoniewilhelmina.nl\/wp-content\/uploads\/2023\/04\/314351204_557104929753754_5216721094769108786_n.jpg","width":2048,"height":1365,"caption":"Harmonie Wilhelmina"},"image":{"@id":"https:\/\/harmoniewilhelmina.nl\/#\/schema\/logo\/image\/"},"sameAs":["https:\/\/www.facebook.com\/harmoniewilhelmina","https:\/\/www.instagram.com\/harmoniewilhelminawolder\/"]}]}},"_links":{"self":[{"href":"https:\/\/harmoniewilhelmina.nl\/en\/wp-json\/wp\/v2\/pages\/8716","targetHints":{"allow":["GET"]}}],"collection":[{"href":"https:\/\/harmoniewilhelmina.nl\/en\/wp-json\/wp\/v2\/pages"}],"about":[{"href":"https:\/\/harmoniewilhelmina.nl\/en\/wp-json\/wp\/v2\/types\/page"}],"author":[{"embeddable":true,"href":"https:\/\/harmoniewilhelmina.nl\/en\/wp-json\/wp\/v2\/users\/4"}],"replies":[{"embeddable":true,"href":"https:\/\/harmoniewilhelmina.nl\/en\/wp-json\/wp\/v2\/comments?post=8716"}],"version-history":[{"count":9,"href":"https:\/\/harmoniewilhelmina.nl\/en\/wp-json\/wp\/v2\/pages\/8716\/revisions"}],"predecessor-version":[{"id":8729,"href":"https:\/\/harmoniewilhelmina.nl\/en\/wp-json\/wp\/v2\/pages\/8716\/revisions\/8729"}],"wp:attachment":[{"href":"https:\/\/harmoniewilhelmina.nl\/en\/wp-json\/wp\/v2\/media?parent=8716"}],"curies":[{"name":"wp","href":"https:\/\/api.w.org\/{rel}","templated":true}]}}